{"id":81,"date":"2017-05-21T21:12:13","date_gmt":"2017-05-21T21:12:13","guid":{"rendered":"https:\/\/wncbahai.org\/?page_id=81"},"modified":"2017-08-05T19:39:36","modified_gmt":"2017-08-05T19:39:36","slug":"frequently-asked-questions","status":"publish","type":"page","link":"https:\/\/wncbahai.org\/?page_id=81","title":{"rendered":"Frequently Asked Questions"},"content":{"rendered":"<h1>\n\t\tFrequently Asked Questions<br \/>\n\t<\/h1>\n<h2><em>\u201cThe peoples of the world, of whatever race or religion, derive their inspiration from one heavenly Source&#8230;&#8221;<\/em><br \/>\n<small>&#8211; The Bah\u00e1&#8217;i Teachings<\/small><\/h2>\n<p>Have questions about the Bah\u00e1&#8217;i Faith? You can read through these FAQ&#8217;s or<a href=\"https:\/\/contact.bahai.us\/\"> contact a Bah\u00e1&#8217;i in your area.\u00a0<\/a><\/p>\n<p>\t\t\tHow do Bah\u00e1&#8217;is Worship?<\/p>\n<p>Bah\u00e1&#8217;is often worship in shared prayers in homes or in personal prayers throughout their day. &#8216;Abdu&#8217;l-Bah\u00e1 said that, &#8220;service is prayer&#8221;. Bah\u00e1&#8217;i&#8217;s often worship from kind deeds and the education of children. <strong><a href=\"http:\/\/www.bahai.org\/beliefs\/life-spirit\/devotion\/\">Learn more at Bah\u00e1&#8217;i.org.<\/a><\/strong><\/p>\n<blockquote>\n<p><em>\u201cGather ye together with the utmost joy and fellowship and recite the verses revealed by the merciful Lord. By so doing the doors to true knowledge will be opened to your inner beings, and ye will then feel your souls endowed with steadfastness and your hearts filled with radiant joy.\u201d<\/em><\/p>\n<p>\u2014 Bah\u00e1\u2019u\u2019ll\u00e1h<\/p>\n<\/blockquote>\n<p>&nbsp;<\/p>\n<p>\t\t\tWhere do the Bah\u00e1&#8217;is meet?<\/p>\n<p>Some Bah\u00e1&#8217;i communities have a center to meet at, however, it is not essential. In Western North Carolina we meet at homes and in the neighborhoods where programs for youth and children are most active.<\/p>\n<p>\t\t\tIs the Bah\u00e1&#8217;i God different than the Christian or Muslim God?<\/p>\n<p>Baha\u2019i teachings focus on unity \u2013 the oneness of God, the oneness of religion, and the oneness of the human race. Baha\u2019is believe there is only one God, the Creator of the universe. Although God may be called by different names in different languages \u2013 be it Yaweh, Allah, Brahma, or God \u2013 in actuality, these names all refer to the same singular force and being. The differences in religions are only in that religion is <strong><em>progressive<\/em><\/strong>, in other words, a Bah\u00e1&#8217;i should also believe in the prophets before Bah\u00e1&#8217;u&#8217;ll\u00e1h, including Muhammad and Christ.<\/p>\n<p>\t\t\tWho are the Bah\u00e1&#8217;i Prophets?<\/p>\n<p><a href=\"http:\/\/www.bahai.org\/the-bab\/\">The B\u00e1b\u00a0<\/a>and <a href=\"http:\/\/www.bahai.org\/bahaullah\/\">Bah\u00e1\u2019u\u2019ll\u00e1h<\/a>.<\/p>\n<p>Throughout the ages, humanity\u2019s spiritual, intellectual and moral capacities have been cultivated by the Founders of the great religions, among them Abraham, Krishna, Zoroaster, Moses, Buddha, Jesus Christ, Muhammad, and\u2014in more recent times\u2014<a href=\"http:\/\/www.bahai.org\/the-bab\/\">the B\u00e1b\u00a0<\/a>and <a href=\"http:\/\/www.bahai.org\/bahaullah\/\">Bah\u00e1\u2019u\u2019ll\u00e1h<\/a>. Read more at <a href=\"http:\/\/www.bahai.org\/beliefs\/god-his-creation\/revelation\/manifestations-god\">Bahai.org.<\/a><\/p>\n<p>\t\t\tHow can I get involved?<\/p>\n<p>Individuals do not need to be a Bah\u00e1&#8217;i to be involved in community services activities. There is room for all people of all beliefs to contribute to an ever-advancing civilization! Contact us at ashlsasec@gmail.com or call 828-771-6414, to hear about activities happening in your area.<\/p>\n<p>\t\t\tCan I become a Bah\u00e1&#8217;i?<\/p>\n<p>Becoming a Bah\u00e1&#8217;i is not difficult. Essentially, an individual will declare her or his Faith that Bah\u00e1&#8217;u&#8217;ll\u00e1h is indeed a messenger of God. Individuals can even <strong><a href=\"https:\/\/join.bahai.us\/\">declare as a Bah\u00e1&#8217;i online<\/a><\/strong>. If you would like to meet a Bah\u00e1&#8217;i, call 828-771-6414.<\/p>\n","protected":false},"excerpt":{"rendered":"<p>Frequently Asked Questions \u201cThe peoples of the world, of whatever race or religion, derive their inspiration from one heavenly Source&#8230;&#8221; &#8211; The Bah\u00e1&#8217;i Teachings Have questions about the Bah\u00e1&#8217;i Faith? You can read through these FAQ&#8217;s or contact a Bah\u00e1&#8217;i in your area.\u00a0 How do Bah\u00e1&#8217;is Worship? Bah\u00e1&#8217;is often worship in shared prayers in homes&hellip;<\/p>\n","protected":false},"author":1,"featured_media":0,"parent":0,"menu_order":0,"comment_status":"closed","ping_status":"closed","template":"","meta":{"footnotes":""},"class_list":["post-81","page","type-page","status-publish","hentry"],"_links":{"self":[{"href":"https:\/\/wncbahai.org\/index.php?rest_route=\/wp\/v2\/pages\/81","targetHints":{"allow":["GET"]}}],"collection":[{"href":"https:\/\/wncbahai.org\/index.php?rest_route=\/wp\/v2\/pages"}],"about":[{"href":"https:\/\/wncbahai.org\/index.php?rest_route=\/wp\/v2\/types\/page"}],"author":[{"embeddable":true,"href":"https:\/\/wncbahai.org\/index.php?rest_route=\/wp\/v2\/users\/1"}],"replies":[{"embeddable":true,"href":"https:\/\/wncbahai.org\/index.php?rest_route=%2Fwp%2Fv2%2Fcomments&post=81"}],"version-history":[{"count":4,"href":"https:\/\/wncbahai.org\/index.php?rest_route=\/wp\/v2\/pages\/81\/revisions"}],"predecessor-version":[{"id":316,"href":"https:\/\/wncbahai.org\/index.php?rest_route=\/wp\/v2\/pages\/81\/revisions\/316"}],"wp:attachment":[{"href":"https:\/\/wncbahai.org\/index.php?rest_route=%2Fwp%2Fv2%2Fmedia&parent=81"}],"curies":[{"name":"wp","href":"https:\/\/api.w.org\/{rel}","templated":true}]}}